{"id":7349,"date":"2024-06-14T14:16:12","date_gmt":"2024-06-14T17:16:12","guid":{"rendered":"https:\/\/www.lacasamagica.cl\/ventas\/producto\/gnomo-con-maceta-de-tronco\/"},"modified":"2024-06-17T16:55:46","modified_gmt":"2024-06-17T19:55:46","slug":"gnomo-con-maceta-de-tronco","status":"publish","type":"product","link":"https:\/\/www.lacasamagica.cl\/ventas\/producto\/gnomo-con-maceta-de-tronco\/","title":{"rendered":"Gnomo con Maceta de Tronco"},"content":{"rendered":"<p>Los gnomos son criaturas legendarias, genios elementales de la tierra, en cuyas entra\u00f1as moran trabajando y custodiando los tesoros subterr\u00e1neos. Adquiere un gnomo y cuidar\u00e1 de tu trabajo, tu casa y tus m\u00e1s preciados tesoros.\u00a0<\/p>\n","protected":false},"excerpt":{"rendered":"<p>Los gnomos son criaturas legendarias, genios elementales de la tierra, en cuyas entra\u00f1as moran trabajando y custodiando los tesoros subterr\u00e1neos. Adquiere un gnomo y cuidar\u00e1 de tu trabajo, tu casa y tus m\u00e1s preciados tesoros.\u00a0<\/p>\n","protected":false},"featured_media":0,"comment_status":"closed","ping_status":"closed","template":"","meta":{"_acf_changed":false,"_monsterinsights_skip_tracking":false,"_monsterinsights_sitenote_active":false,"_monsterinsights_sitenote_note":"","_monsterinsights_sitenote_category":0},"pwb-brand":[],"product_brand":[],"product_cat":[104,38],"product_tag":[],"class_list":{"0":"post-7349","1":"product","2":"type-product","3":"status-publish","5":"product_cat-gnomos","6":"product_cat-seres-magicos","8":"first","9":"outofstock","10":"purchasable","11":"product-type-simple"},"acf":[],"brands":[],"_links":{"self":[{"href":"https:\/\/www.lacasamagica.cl\/ventas\/wp-json\/wp\/v2\/product\/7349","targetHints":{"allow":["GET"]}}],"collection":[{"href":"https:\/\/www.lacasamagica.cl\/ventas\/wp-json\/wp\/v2\/product"}],"about":[{"href":"https:\/\/www.lacasamagica.cl\/ventas\/wp-json\/wp\/v2\/types\/product"}],"replies":[{"embeddable":true,"href":"https:\/\/www.lacasamagica.cl\/ventas\/wp-json\/wp\/v2\/comments?post=7349"}],"wp:attachment":[{"href":"https:\/\/www.lacasamagica.cl\/ventas\/wp-json\/wp\/v2\/media?parent=7349"}],"wp:term":[{"taxonomy":"pwb-brand","embeddable":true,"href":"https:\/\/www.lacasamagica.cl\/ventas\/wp-json\/wp\/v2\/pwb-brand?post=7349"},{"taxonomy":"product_brand","embeddable":true,"href":"https:\/\/www.lacasamagica.cl\/ventas\/wp-json\/wp\/v2\/product_brand?post=7349"},{"taxonomy":"product_cat","embeddable":true,"href":"https:\/\/www.lacasamagica.cl\/ventas\/wp-json\/wp\/v2\/product_cat?post=7349"},{"taxonomy":"product_tag","embeddable":true,"href":"https:\/\/www.lacasamagica.cl\/ventas\/wp-json\/wp\/v2\/product_tag?post=7349"}],"curies":[{"name":"wp","href":"https:\/\/api.w.org\/{rel}","templated":true}]}}