{"id":7412,"date":"2024-06-14T14:16:32","date_gmt":"2024-06-14T17:16:32","guid":{"rendered":"https:\/\/www.lacasamagica.cl\/ventas\/producto\/kuan-yin-colgante-con-retablo\/"},"modified":"2026-01-26T11:46:07","modified_gmt":"2026-01-26T14:46:07","slug":"kuan-yin-colgante-con-retablo","status":"publish","type":"product","link":"https:\/\/www.lacasamagica.cl\/ventas\/producto\/kuan-yin-colgante-con-retablo\/","title":{"rendered":"Kuan Yin Colgante con retablo"},"content":{"rendered":"<p>La Kuan Yin representa a al buda femenina Diosa de la piedad y la compasi\u00f3n que todo lo bendice. Eterna protectora de la mujer y los ni\u00f1os. Se dice que colocarla en una habitaci\u00f3n contribuye a calmar el entorno y neutralizar influencias negativas como enfermedades desilusiones y discusiones\u00a0<\/p>\n","protected":false},"excerpt":{"rendered":"<p>La Kuan Yin representa a al buda femenina Diosa de la piedad y la compasi\u00f3n que todo lo bendice. Eterna protectora de la mujer y los ni\u00f1os. Se dice que colocarla en una habitaci\u00f3n contribuye a calmar el entorno y neutralizar influencias negativas como enfermedades desilusiones y discusiones\u00a0<\/p>\n","protected":false},"featured_media":7226,"comment_status":"closed","ping_status":"closed","template":"","meta":{"_acf_changed":false,"_monsterinsights_skip_tracking":false,"_monsterinsights_sitenote_active":false,"_monsterinsights_sitenote_note":"","_monsterinsights_sitenote_category":0},"pwb-brand":[],"product_brand":[],"product_cat":[56,182],"product_tag":[],"class_list":{"0":"post-7412","1":"product","2":"type-product","3":"status-publish","4":"has-post-thumbnail","6":"product_cat-budismo","7":"product_cat-kuan-yin","9":"first","10":"outofstock","11":"purchasable","12":"product-type-simple"},"acf":[],"brands":[],"_links":{"self":[{"href":"https:\/\/www.lacasamagica.cl\/ventas\/wp-json\/wp\/v2\/product\/7412","targetHints":{"allow":["GET"]}}],"collection":[{"href":"https:\/\/www.lacasamagica.cl\/ventas\/wp-json\/wp\/v2\/product"}],"about":[{"href":"https:\/\/www.lacasamagica.cl\/ventas\/wp-json\/wp\/v2\/types\/product"}],"replies":[{"embeddable":true,"href":"https:\/\/www.lacasamagica.cl\/ventas\/wp-json\/wp\/v2\/comments?post=7412"}],"wp:featuredmedia":[{"embeddable":true,"href":"https:\/\/www.lacasamagica.cl\/ventas\/wp-json\/wp\/v2\/media\/7226"}],"wp:attachment":[{"href":"https:\/\/www.lacasamagica.cl\/ventas\/wp-json\/wp\/v2\/media?parent=7412"}],"wp:term":[{"taxonomy":"pwb-brand","embeddable":true,"href":"https:\/\/www.lacasamagica.cl\/ventas\/wp-json\/wp\/v2\/pwb-brand?post=7412"},{"taxonomy":"product_brand","embeddable":true,"href":"https:\/\/www.lacasamagica.cl\/ventas\/wp-json\/wp\/v2\/product_brand?post=7412"},{"taxonomy":"product_cat","embeddable":true,"href":"https:\/\/www.lacasamagica.cl\/ventas\/wp-json\/wp\/v2\/product_cat?post=7412"},{"taxonomy":"product_tag","embeddable":true,"href":"https:\/\/www.lacasamagica.cl\/ventas\/wp-json\/wp\/v2\/product_tag?post=7412"}],"curies":[{"name":"wp","href":"https:\/\/api.w.org\/{rel}","templated":true}]}}