{"id":7419,"date":"2024-06-14T14:16:32","date_gmt":"2024-06-14T17:16:32","guid":{"rendered":"https:\/\/www.lacasamagica.cl\/ventas\/producto\/gato-blanco-con-dorado\/"},"modified":"2025-11-14T15:20:58","modified_gmt":"2025-11-14T18:20:58","slug":"gato-blanco-con-dorado","status":"publish","type":"product","link":"https:\/\/www.lacasamagica.cl\/ventas\/producto\/gato-blanco-con-dorado\/","title":{"rendered":"Gato Blanco con Dorado"},"content":{"rendered":"<p>El gato es uno de los animales m\u00e1s misteriosos y enigm\u00e1ticos, se cree que es el animal que todo lo ve y son considerados protectores de la familia. En la antig\u00fcedad los egipcios colocaban estatuas de gatos fuera de sus casas para impedir la entrada de los esp\u00edritus malignos, pues cre\u00edan en su poder m\u00e1gico y protector.\u00a0<\/p>\n","protected":false},"excerpt":{"rendered":"<p>El gato es uno de los animales m\u00e1s misteriosos y enigm\u00e1ticos, se cree que es el animal que todo lo ve y son considerados protectores de la familia. En la antig\u00fcedad los egipcios colocaban estatuas de gatos fuera de sus casas para impedir la entrada de los esp\u00edritus malignos, pues cre\u00edan en su poder m\u00e1gico [&hellip;]<\/p>\n","protected":false},"featured_media":7232,"comment_status":"closed","ping_status":"closed","template":"","meta":{"_acf_changed":false,"_monsterinsights_skip_tracking":false,"_monsterinsights_sitenote_active":false,"_monsterinsights_sitenote_note":"","_monsterinsights_sitenote_category":0},"pwb-brand":[],"product_brand":[],"product_cat":[107,115],"product_tag":[],"class_list":{"0":"post-7419","1":"product","2":"type-product","3":"status-publish","4":"has-post-thumbnail","6":"product_cat-animales","7":"product_cat-gatos","9":"first","10":"instock","11":"purchasable","12":"product-type-simple"},"acf":[],"brands":[],"_links":{"self":[{"href":"https:\/\/www.lacasamagica.cl\/ventas\/wp-json\/wp\/v2\/product\/7419","targetHints":{"allow":["GET"]}}],"collection":[{"href":"https:\/\/www.lacasamagica.cl\/ventas\/wp-json\/wp\/v2\/product"}],"about":[{"href":"https:\/\/www.lacasamagica.cl\/ventas\/wp-json\/wp\/v2\/types\/product"}],"replies":[{"embeddable":true,"href":"https:\/\/www.lacasamagica.cl\/ventas\/wp-json\/wp\/v2\/comments?post=7419"}],"wp:featuredmedia":[{"embeddable":true,"href":"https:\/\/www.lacasamagica.cl\/ventas\/wp-json\/wp\/v2\/media\/7232"}],"wp:attachment":[{"href":"https:\/\/www.lacasamagica.cl\/ventas\/wp-json\/wp\/v2\/media?parent=7419"}],"wp:term":[{"taxonomy":"pwb-brand","embeddable":true,"href":"https:\/\/www.lacasamagica.cl\/ventas\/wp-json\/wp\/v2\/pwb-brand?post=7419"},{"taxonomy":"product_brand","embeddable":true,"href":"https:\/\/www.lacasamagica.cl\/ventas\/wp-json\/wp\/v2\/product_brand?post=7419"},{"taxonomy":"product_cat","embeddable":true,"href":"https:\/\/www.lacasamagica.cl\/ventas\/wp-json\/wp\/v2\/product_cat?post=7419"},{"taxonomy":"product_tag","embeddable":true,"href":"https:\/\/www.lacasamagica.cl\/ventas\/wp-json\/wp\/v2\/product_tag?post=7419"}],"curies":[{"name":"wp","href":"https:\/\/api.w.org\/{rel}","templated":true}]}}