{"id":7424,"date":"2024-06-14T14:16:32","date_gmt":"2024-06-14T17:16:32","guid":{"rendered":"https:\/\/www.lacasamagica.cl\/ventas\/producto\/elefante-blanco-con-montura-celeste\/"},"modified":"2026-04-21T17:55:53","modified_gmt":"2026-04-21T20:55:53","slug":"elefante-blanco-con-montura-celeste","status":"publish","type":"product","link":"https:\/\/www.lacasamagica.cl\/ventas\/producto\/elefante-blanco-con-montura-celeste\/","title":{"rendered":"Elefante Blanco con Montura Celeste"},"content":{"rendered":"<p>Los elefantes representan la prosperidad, brindan suerte, buena gobernaci\u00f3n para ejecutivos y protecci\u00f3n para sus due\u00f1os. Tambi\u00e9n son conocidos por llevarse los problemas lejos y por ser un s\u00edmbolo protector que auspicia buena suerte y excelente fortuna.  Una figura de elefantes macho y hembra con un bebe atrae suerte a las parejas que desean tener hijos.<\/p>\n","protected":false},"excerpt":{"rendered":"<p>Los elefantes representan la prosperidad, brindan suerte, buena gobernaci\u00f3n para ejecutivos y protecci\u00f3n para sus due\u00f1os. Tambi\u00e9n son conocidos por llevarse los problemas lejos y por ser un s\u00edmbolo protector que auspicia buena suerte y excelente fortuna. Una figura de elefantes macho y hembra con un bebe atrae suerte a las parejas que desean tener [&hellip;]<\/p>\n","protected":false},"featured_media":3795,"comment_status":"closed","ping_status":"closed","template":"","meta":{"_acf_changed":false,"_monsterinsights_skip_tracking":false,"_monsterinsights_sitenote_active":false,"_monsterinsights_sitenote_note":"","_monsterinsights_sitenote_category":0},"pwb-brand":[],"product_brand":[],"product_cat":[107,181],"product_tag":[],"class_list":{"0":"post-7424","1":"product","2":"type-product","3":"status-publish","4":"has-post-thumbnail","6":"product_cat-animales","7":"product_cat-elefantes","9":"first","10":"outofstock","11":"purchasable","12":"product-type-simple"},"acf":[],"brands":[],"_links":{"self":[{"href":"https:\/\/www.lacasamagica.cl\/ventas\/wp-json\/wp\/v2\/product\/7424","targetHints":{"allow":["GET"]}}],"collection":[{"href":"https:\/\/www.lacasamagica.cl\/ventas\/wp-json\/wp\/v2\/product"}],"about":[{"href":"https:\/\/www.lacasamagica.cl\/ventas\/wp-json\/wp\/v2\/types\/product"}],"replies":[{"embeddable":true,"href":"https:\/\/www.lacasamagica.cl\/ventas\/wp-json\/wp\/v2\/comments?post=7424"}],"wp:featuredmedia":[{"embeddable":true,"href":"https:\/\/www.lacasamagica.cl\/ventas\/wp-json\/wp\/v2\/media\/3795"}],"wp:attachment":[{"href":"https:\/\/www.lacasamagica.cl\/ventas\/wp-json\/wp\/v2\/media?parent=7424"}],"wp:term":[{"taxonomy":"pwb-brand","embeddable":true,"href":"https:\/\/www.lacasamagica.cl\/ventas\/wp-json\/wp\/v2\/pwb-brand?post=7424"},{"taxonomy":"product_brand","embeddable":true,"href":"https:\/\/www.lacasamagica.cl\/ventas\/wp-json\/wp\/v2\/product_brand?post=7424"},{"taxonomy":"product_cat","embeddable":true,"href":"https:\/\/www.lacasamagica.cl\/ventas\/wp-json\/wp\/v2\/product_cat?post=7424"},{"taxonomy":"product_tag","embeddable":true,"href":"https:\/\/www.lacasamagica.cl\/ventas\/wp-json\/wp\/v2\/product_tag?post=7424"}],"curies":[{"name":"wp","href":"https:\/\/api.w.org\/{rel}","templated":true}]}}