{"id":7474,"date":"2024-07-23T17:54:28","date_gmt":"2024-07-23T20:54:28","guid":{"rendered":"https:\/\/www.lacasamagica.cl\/ventas\/?post_type=product&#038;p=7474"},"modified":"2025-04-07T19:53:50","modified_gmt":"2025-04-07T22:53:50","slug":"cuenco-tibetano-dorado-con-cojin","status":"publish","type":"product","link":"https:\/\/www.lacasamagica.cl\/ventas\/producto\/cuenco-tibetano-dorado-con-cojin\/","title":{"rendered":"Cuenco Tibetano Dorado con Cojin"},"content":{"rendered":"<p>El Cuenco Tibetano es un instrumento que se utiliza para la meditaci\u00f3n y sanaci\u00f3n. Su sonido ayuda a mantener la salud a nivel f\u00edsico y conservar el equilibrio del cuerpo. Limpia el campo \u00e1urico y da equilibrio al cuerpo energ\u00e9tico y sus chakras.<\/p>\n","protected":false},"excerpt":{"rendered":"<p>Cuenco Tibetano dorado<\/p>\n","protected":false},"featured_media":3631,"comment_status":"open","ping_status":"closed","template":"","meta":{"_acf_changed":false,"_monsterinsights_skip_tracking":false,"_monsterinsights_sitenote_active":false,"_monsterinsights_sitenote_note":"","_monsterinsights_sitenote_category":0},"pwb-brand":[],"product_brand":[],"product_cat":[56,208],"product_tag":[339,340,333,344,341,342,343,345,288],"class_list":{"0":"post-7474","1":"product","2":"type-product","3":"status-publish","4":"has-post-thumbnail","6":"product_cat-budismo","7":"product_cat-cuencostibetanos","8":"product_tag-cuenco","9":"product_tag-cuenco-tibetano","10":"product_tag-meditacion","11":"product_tag-musicoterapia","12":"product_tag-relajacion","13":"product_tag-sanacion","14":"product_tag-sonoterapia","15":"product_tag-terapia-de-sonido","16":"product_tag-yoga","18":"first","19":"outofstock","20":"purchasable","21":"product-type-simple"},"acf":[],"brands":[],"_links":{"self":[{"href":"https:\/\/www.lacasamagica.cl\/ventas\/wp-json\/wp\/v2\/product\/7474","targetHints":{"allow":["GET"]}}],"collection":[{"href":"https:\/\/www.lacasamagica.cl\/ventas\/wp-json\/wp\/v2\/product"}],"about":[{"href":"https:\/\/www.lacasamagica.cl\/ventas\/wp-json\/wp\/v2\/types\/product"}],"replies":[{"embeddable":true,"href":"https:\/\/www.lacasamagica.cl\/ventas\/wp-json\/wp\/v2\/comments?post=7474"}],"wp:featuredmedia":[{"embeddable":true,"href":"https:\/\/www.lacasamagica.cl\/ventas\/wp-json\/wp\/v2\/media\/3631"}],"wp:attachment":[{"href":"https:\/\/www.lacasamagica.cl\/ventas\/wp-json\/wp\/v2\/media?parent=7474"}],"wp:term":[{"taxonomy":"pwb-brand","embeddable":true,"href":"https:\/\/www.lacasamagica.cl\/ventas\/wp-json\/wp\/v2\/pwb-brand?post=7474"},{"taxonomy":"product_brand","embeddable":true,"href":"https:\/\/www.lacasamagica.cl\/ventas\/wp-json\/wp\/v2\/product_brand?post=7474"},{"taxonomy":"product_cat","embeddable":true,"href":"https:\/\/www.lacasamagica.cl\/ventas\/wp-json\/wp\/v2\/product_cat?post=7474"},{"taxonomy":"product_tag","embeddable":true,"href":"https:\/\/www.lacasamagica.cl\/ventas\/wp-json\/wp\/v2\/product_tag?post=7474"}],"curies":[{"name":"wp","href":"https:\/\/api.w.org\/{rel}","templated":true}]}}