{"id":7494,"date":"2024-11-22T18:24:43","date_gmt":"2024-11-22T21:24:43","guid":{"rendered":"https:\/\/www.lacasamagica.cl\/ventas\/?post_type=product&#038;p=7494"},"modified":"2024-11-28T20:09:00","modified_gmt":"2024-11-28T23:09:00","slug":"pack-ritual-descarga-fin-de-ano","status":"publish","type":"product","link":"https:\/\/www.lacasamagica.cl\/ventas\/producto\/pack-ritual-descarga-fin-de-ano\/","title":{"rendered":"Pack Ritual Descarga Fin de A\u00f1o"},"content":{"rendered":"<p><strong>Pack Ritual Descarga Fin de A\u00f1o<\/strong><br \/>\nPara cerrar el a\u00f1o 2024 y dar comienzo al 2025 dejando todas las malas vibras y malos momentos atr\u00e1s. Se debe realizar durante la v\u00edspera de A\u00f1o Nuevo.<br \/>\nContiene:<br \/>\n&#8211;\t3 Velas de Azufre: Corta y expulsa las energ\u00edas negativas.<br \/>\n&#8211;\t1 Vela de Sal: Descarga lugares y personas de malas vibraciones.<br \/>\n&#8211;\t1 Salvia: Purifica los ambientes, elimina la energ\u00eda negativa y activa la armon\u00eda espiritual.<\/p>\n","protected":false},"excerpt":{"rendered":"<p>Pack Ritual Descarga Fin de A\u00f1o Para cerrar el a\u00f1o 2024 y dar comienzo al 2025 dejando todas las malas vibras y malos momentos atr\u00e1s. Se debe realizar durante la v\u00edspera de A\u00f1o Nuevo. Contiene: &#8211; 3 Velas de Azufre: Corta y expulsa las energ\u00edas negativas. &#8211; 1 Vela de Sal: Descarga lugares y personas [&hellip;]<\/p>\n","protected":false},"featured_media":7492,"comment_status":"open","ping_status":"closed","template":"","meta":{"_acf_changed":false,"_monsterinsights_skip_tracking":false,"_monsterinsights_sitenote_active":false,"_monsterinsights_sitenote_note":"","_monsterinsights_sitenote_category":0},"pwb-brand":[],"product_brand":[],"product_cat":[148,565],"product_tag":[],"class_list":{"0":"post-7494","1":"product","2":"type-product","3":"status-publish","4":"has-post-thumbnail","6":"product_cat-productos-esotericos","7":"product_cat-rituales","9":"first","10":"instock","11":"taxable","12":"shipping-taxable","13":"purchasable","14":"product-type-simple"},"acf":[],"brands":[],"_links":{"self":[{"href":"https:\/\/www.lacasamagica.cl\/ventas\/wp-json\/wp\/v2\/product\/7494","targetHints":{"allow":["GET"]}}],"collection":[{"href":"https:\/\/www.lacasamagica.cl\/ventas\/wp-json\/wp\/v2\/product"}],"about":[{"href":"https:\/\/www.lacasamagica.cl\/ventas\/wp-json\/wp\/v2\/types\/product"}],"replies":[{"embeddable":true,"href":"https:\/\/www.lacasamagica.cl\/ventas\/wp-json\/wp\/v2\/comments?post=7494"}],"wp:featuredmedia":[{"embeddable":true,"href":"https:\/\/www.lacasamagica.cl\/ventas\/wp-json\/wp\/v2\/media\/7492"}],"wp:attachment":[{"href":"https:\/\/www.lacasamagica.cl\/ventas\/wp-json\/wp\/v2\/media?parent=7494"}],"wp:term":[{"taxonomy":"pwb-brand","embeddable":true,"href":"https:\/\/www.lacasamagica.cl\/ventas\/wp-json\/wp\/v2\/pwb-brand?post=7494"},{"taxonomy":"product_brand","embeddable":true,"href":"https:\/\/www.lacasamagica.cl\/ventas\/wp-json\/wp\/v2\/product_brand?post=7494"},{"taxonomy":"product_cat","embeddable":true,"href":"https:\/\/www.lacasamagica.cl\/ventas\/wp-json\/wp\/v2\/product_cat?post=7494"},{"taxonomy":"product_tag","embeddable":true,"href":"https:\/\/www.lacasamagica.cl\/ventas\/wp-json\/wp\/v2\/product_tag?post=7494"}],"curies":[{"name":"wp","href":"https:\/\/api.w.org\/{rel}","templated":true}]}}