{"id":7495,"date":"2024-11-22T18:29:45","date_gmt":"2024-11-22T21:29:45","guid":{"rendered":"https:\/\/www.lacasamagica.cl\/ventas\/?post_type=product&#038;p=7495"},"modified":"2025-06-05T14:24:44","modified_gmt":"2025-06-05T17:24:44","slug":"pack-ritual-abundancia-ano-nuevo","status":"publish","type":"product","link":"https:\/\/www.lacasamagica.cl\/ventas\/producto\/pack-ritual-abundancia-ano-nuevo\/","title":{"rendered":"Pack Ritual Abundancia A\u00f1o Nuevo"},"content":{"rendered":"<p><strong>Pack Ritual Abundancia A\u00f1o Nuevo<\/strong><br \/>\nPara dar comienzo al 2025 abriendo los caminos y atrayendo la abundancia, no solo monetaria, sino de todo tipo. Se realiza los primeros 7 d\u00edas del a\u00f1o.<br \/>\nContiene:<br \/>\n&#8211;\t3 Velas de Choclo: Atrae la abundancia econ\u00f3mica<br \/>\n&#8211;\t1 Vela de Laurel: Corta la envidia y atrae la buena suerte<br \/>\n&#8211;\t3 Papel Joss: Papel incienso que desea riqueza y longevidad. Se escriben los deseos en el papel y luego se debe quemar.<\/p>\n","protected":false},"excerpt":{"rendered":"<p>Pack Ritual Abundancia A\u00f1o Nuevo Para dar comienzo al 2025 abriendo los caminos y atrayendo la abundancia, no solo monetaria, sino de todo tipo. Se realiza los primeros 7 d\u00edas del a\u00f1o. Contiene: &#8211; 3 Velas de Choclo: Atrae la abundancia econ\u00f3mica &#8211; 1 Vela de Laurel: Corta la envidia y atrae la buena suerte [&hellip;]<\/p>\n","protected":false},"featured_media":7490,"comment_status":"open","ping_status":"closed","template":"","meta":{"_acf_changed":false,"_monsterinsights_skip_tracking":false,"_monsterinsights_sitenote_active":false,"_monsterinsights_sitenote_note":"","_monsterinsights_sitenote_category":0},"pwb-brand":[],"product_brand":[],"product_cat":[148,565],"product_tag":[],"class_list":{"0":"post-7495","1":"product","2":"type-product","3":"status-publish","4":"has-post-thumbnail","6":"product_cat-productos-esotericos","7":"product_cat-rituales","9":"first","10":"instock","11":"taxable","12":"shipping-taxable","13":"purchasable","14":"product-type-simple"},"acf":[],"brands":[],"_links":{"self":[{"href":"https:\/\/www.lacasamagica.cl\/ventas\/wp-json\/wp\/v2\/product\/7495","targetHints":{"allow":["GET"]}}],"collection":[{"href":"https:\/\/www.lacasamagica.cl\/ventas\/wp-json\/wp\/v2\/product"}],"about":[{"href":"https:\/\/www.lacasamagica.cl\/ventas\/wp-json\/wp\/v2\/types\/product"}],"replies":[{"embeddable":true,"href":"https:\/\/www.lacasamagica.cl\/ventas\/wp-json\/wp\/v2\/comments?post=7495"}],"wp:featuredmedia":[{"embeddable":true,"href":"https:\/\/www.lacasamagica.cl\/ventas\/wp-json\/wp\/v2\/media\/7490"}],"wp:attachment":[{"href":"https:\/\/www.lacasamagica.cl\/ventas\/wp-json\/wp\/v2\/media?parent=7495"}],"wp:term":[{"taxonomy":"pwb-brand","embeddable":true,"href":"https:\/\/www.lacasamagica.cl\/ventas\/wp-json\/wp\/v2\/pwb-brand?post=7495"},{"taxonomy":"product_brand","embeddable":true,"href":"https:\/\/www.lacasamagica.cl\/ventas\/wp-json\/wp\/v2\/product_brand?post=7495"},{"taxonomy":"product_cat","embeddable":true,"href":"https:\/\/www.lacasamagica.cl\/ventas\/wp-json\/wp\/v2\/product_cat?post=7495"},{"taxonomy":"product_tag","embeddable":true,"href":"https:\/\/www.lacasamagica.cl\/ventas\/wp-json\/wp\/v2\/product_tag?post=7495"}],"curies":[{"name":"wp","href":"https:\/\/api.w.org\/{rel}","templated":true}]}}