{"id":7496,"date":"2024-11-22T18:30:54","date_gmt":"2024-11-22T21:30:54","guid":{"rendered":"https:\/\/www.lacasamagica.cl\/ventas\/?post_type=product&#038;p=7496"},"modified":"2024-11-28T22:57:23","modified_gmt":"2024-11-29T01:57:23","slug":"pack-ritual-limpiacasa","status":"publish","type":"product","link":"https:\/\/www.lacasamagica.cl\/ventas\/producto\/pack-ritual-limpiacasa\/","title":{"rendered":"Pack Ritual Limpiacasa"},"content":{"rendered":"<p><strong>Pack Ritual Limpiacasa<\/strong><br \/>\nPara descargar nuestro hogar o lugar de trabajo de las malas energ\u00edas, cortar con la envidia y abrir caminos. Ideal para quienes se cambiaron reci\u00e9n de casa para borrar memorias y malas energ\u00edas de antiguos habitantes.<br \/>\nContiene:<br \/>\n&#8211; 1 Lavacasa: L\u00edquido de ruda para la protecci\u00f3n y la seguridad, alejando las malas energ\u00edas.<br \/>\n&#8211; 1 Salvia con Ruda<br \/>\n&#8211; 1 Vela de Ruda<\/p>\n","protected":false},"excerpt":{"rendered":"<p>Pack Ritual Limpiacasa Para descargar nuestro hogar o lugar de trabajo de las malas energ\u00edas, cortar con la envidia y abrir caminos. Ideal para quienes se cambiaron reci\u00e9n de casa para borrar memorias y malas energ\u00edas de antiguos habitantes. Contiene: &#8211; 1 Lavacasa: L\u00edquido de ruda para la protecci\u00f3n y la seguridad, alejando las malas [&hellip;]<\/p>\n","protected":false},"featured_media":7508,"comment_status":"open","ping_status":"closed","template":"","meta":{"_acf_changed":false,"_monsterinsights_skip_tracking":false,"_monsterinsights_sitenote_active":false,"_monsterinsights_sitenote_note":"","_monsterinsights_sitenote_category":0},"pwb-brand":[],"product_brand":[],"product_cat":[148,565],"product_tag":[],"class_list":{"0":"post-7496","1":"product","2":"type-product","3":"status-publish","4":"has-post-thumbnail","6":"product_cat-productos-esotericos","7":"product_cat-rituales","9":"first","10":"instock","11":"taxable","12":"shipping-taxable","13":"purchasable","14":"product-type-simple"},"acf":[],"brands":[],"_links":{"self":[{"href":"https:\/\/www.lacasamagica.cl\/ventas\/wp-json\/wp\/v2\/product\/7496","targetHints":{"allow":["GET"]}}],"collection":[{"href":"https:\/\/www.lacasamagica.cl\/ventas\/wp-json\/wp\/v2\/product"}],"about":[{"href":"https:\/\/www.lacasamagica.cl\/ventas\/wp-json\/wp\/v2\/types\/product"}],"replies":[{"embeddable":true,"href":"https:\/\/www.lacasamagica.cl\/ventas\/wp-json\/wp\/v2\/comments?post=7496"}],"wp:featuredmedia":[{"embeddable":true,"href":"https:\/\/www.lacasamagica.cl\/ventas\/wp-json\/wp\/v2\/media\/7508"}],"wp:attachment":[{"href":"https:\/\/www.lacasamagica.cl\/ventas\/wp-json\/wp\/v2\/media?parent=7496"}],"wp:term":[{"taxonomy":"pwb-brand","embeddable":true,"href":"https:\/\/www.lacasamagica.cl\/ventas\/wp-json\/wp\/v2\/pwb-brand?post=7496"},{"taxonomy":"product_brand","embeddable":true,"href":"https:\/\/www.lacasamagica.cl\/ventas\/wp-json\/wp\/v2\/product_brand?post=7496"},{"taxonomy":"product_cat","embeddable":true,"href":"https:\/\/www.lacasamagica.cl\/ventas\/wp-json\/wp\/v2\/product_cat?post=7496"},{"taxonomy":"product_tag","embeddable":true,"href":"https:\/\/www.lacasamagica.cl\/ventas\/wp-json\/wp\/v2\/product_tag?post=7496"}],"curies":[{"name":"wp","href":"https:\/\/api.w.org\/{rel}","templated":true}]}}