{"id":7498,"date":"2024-11-22T18:33:58","date_gmt":"2024-11-22T21:33:58","guid":{"rendered":"https:\/\/www.lacasamagica.cl\/ventas\/?post_type=product&#038;p=7498"},"modified":"2025-06-05T14:24:04","modified_gmt":"2025-06-05T17:24:04","slug":"pack-ritual-de-amor","status":"publish","type":"product","link":"https:\/\/www.lacasamagica.cl\/ventas\/producto\/pack-ritual-de-amor\/","title":{"rendered":"Pack Ritual de Amor"},"content":{"rendered":"<p><strong>Pack Ritual de Amor<\/strong><br \/>\nPara quienes buscan renovar sus energ\u00edas amorosas, limpiando las energ\u00edas del pasado y renovando y endulzando la imagen de uno mismo. Ideal para abrirse a conocer a nuevas personas.<br \/>\nContiene:<br \/>\n&#8211;\t1 Vela de Frutilla: Abre caminos amorosos, activando las energ\u00edas seductoras y sexuales.<br \/>\n&#8211;\t1 Bomba de Frambuesa: Provoca encantamiento personal y sube las energ\u00edas creadoras.<br \/>\n&#8211;\t1 Jab\u00f3n de miel: Su aroma invita a la meditaci\u00f3n y reduce el estr\u00e9s, ideal para ambientes acogedores y rom\u00e1nticos. Perfecto endulzamiento de nuestras vidas.<\/p>\n","protected":false},"excerpt":{"rendered":"<p>Pack Ritual de Amor Para quienes buscan renovar sus energ\u00edas amorosas, limpiando las energ\u00edas del pasado y renovando y endulzando la imagen de uno mismo. Ideal para abrirse a conocer a nuevas personas. Contiene: &#8211; 1 Vela de Frutilla: Abre caminos amorosos, activando las energ\u00edas seductoras y sexuales. &#8211; 1 Bomba de Frambuesa: Provoca encantamiento [&hellip;]<\/p>\n","protected":false},"featured_media":7491,"comment_status":"open","ping_status":"closed","template":"","meta":{"_acf_changed":false,"_monsterinsights_skip_tracking":false,"_monsterinsights_sitenote_active":false,"_monsterinsights_sitenote_note":"","_monsterinsights_sitenote_category":0},"pwb-brand":[],"product_brand":[],"product_cat":[148,565],"product_tag":[],"class_list":{"0":"post-7498","1":"product","2":"type-product","3":"status-publish","4":"has-post-thumbnail","6":"product_cat-productos-esotericos","7":"product_cat-rituales","9":"first","10":"instock","11":"taxable","12":"shipping-taxable","13":"purchasable","14":"product-type-simple"},"acf":[],"brands":[],"_links":{"self":[{"href":"https:\/\/www.lacasamagica.cl\/ventas\/wp-json\/wp\/v2\/product\/7498","targetHints":{"allow":["GET"]}}],"collection":[{"href":"https:\/\/www.lacasamagica.cl\/ventas\/wp-json\/wp\/v2\/product"}],"about":[{"href":"https:\/\/www.lacasamagica.cl\/ventas\/wp-json\/wp\/v2\/types\/product"}],"replies":[{"embeddable":true,"href":"https:\/\/www.lacasamagica.cl\/ventas\/wp-json\/wp\/v2\/comments?post=7498"}],"wp:featuredmedia":[{"embeddable":true,"href":"https:\/\/www.lacasamagica.cl\/ventas\/wp-json\/wp\/v2\/media\/7491"}],"wp:attachment":[{"href":"https:\/\/www.lacasamagica.cl\/ventas\/wp-json\/wp\/v2\/media?parent=7498"}],"wp:term":[{"taxonomy":"pwb-brand","embeddable":true,"href":"https:\/\/www.lacasamagica.cl\/ventas\/wp-json\/wp\/v2\/pwb-brand?post=7498"},{"taxonomy":"product_brand","embeddable":true,"href":"https:\/\/www.lacasamagica.cl\/ventas\/wp-json\/wp\/v2\/product_brand?post=7498"},{"taxonomy":"product_cat","embeddable":true,"href":"https:\/\/www.lacasamagica.cl\/ventas\/wp-json\/wp\/v2\/product_cat?post=7498"},{"taxonomy":"product_tag","embeddable":true,"href":"https:\/\/www.lacasamagica.cl\/ventas\/wp-json\/wp\/v2\/product_tag?post=7498"}],"curies":[{"name":"wp","href":"https:\/\/api.w.org\/{rel}","templated":true}]}}